{"id":175,"date":"2011-12-10T23:59:28","date_gmt":"2011-12-10T22:59:28","guid":{"rendered":"http:\/\/www.utopia-rotterdam.nl\/wordpress\/?page_id=175"},"modified":"2021-07-13T16:22:51","modified_gmt":"2021-07-13T15:22:51","slug":"walter-vincent-tomtom-cafe","status":"publish","type":"page","link":"https:\/\/www.utopia-rotterdam.nl\/?page_id=175","title":{"rendered":"Walter Vincent"},"content":{"rendered":"<p>Caf\u00e9 Tom Tom is gevestigd op een schitterende lokatie aan de Maas in Rotterdam. Het cafe is gelegen aan de voet van \u00e9\u00e9n van de oudste en mooiste watertorens van Nederland.<br \/>\n&#8217;s Zomers biedt het ruime en zonnige terras van Tom Tom een rustiek uitzicht op de voormalige waterbekkens.<\/p>\n<p>Tom Tom is te reservereren voor feestjes, borrels, bruiloften, afstudeerborrels, verjaardagen.<\/p>\n<p>Info:<br \/>\nWalter Vincent<br \/>\n06-14430485<br \/>\n<span style=\"font-family: Arial, sans-serif;\"><span style=\"font-size: medium;\"><a href=\"mailto:cafetomtomrotterdam@gmail.com\">cafetomtomrotterdam@gmail.com<\/a><br \/>\n<\/span><\/span><a href=\"http:\/\/www.cafetomtom.com\">www.cafetomtom.com<\/a><\/p>\n<p><a href=\"http:\/\/www.utopia-rotterdam.nl\/?attachment_id=305\" rel=\"attachment wp-att-305\"><img loading=\"lazy\" decoding=\"async\" class=\"alignnone wp-image-305\" title=\"IMG_7036\" src=\"http:\/\/www.utopia-rotterdam.nl\/wp-content\/uploads\/2011\/12\/IMG_7036.jpg\" alt=\"\" width=\"560\" height=\"391\" srcset=\"https:\/\/www.utopia-rotterdam.nl\/wp-content\/uploads\/2011\/12\/IMG_7036.jpg 800w, https:\/\/www.utopia-rotterdam.nl\/wp-content\/uploads\/2011\/12\/IMG_7036-120x83.jpg 120w, https:\/\/www.utopia-rotterdam.nl\/wp-content\/uploads\/2011\/12\/IMG_7036-300x209.jpg 300w\" sizes=\"auto, (max-width: 560px) 100vw, 560px\" \/><\/a><\/p>\n<p>&nbsp;<\/p>\n","protected":false},"excerpt":{"rendered":"<p>Caf\u00e9 Tom Tom is gevestigd op een schitterende lokatie aan de Maas in Rotterdam. Het cafe is gelegen aan de voet van \u00e9\u00e9n van de oudste en mooiste watertorens van Nederland. &#8217;s Zomers biedt&#46;&#46;&#46;<\/p>\n","protected":false},"author":2,"featured_media":0,"parent":48,"menu_order":6,"comment_status":"open","ping_status":"open","template":"","meta":{"footnotes":""},"class_list":["post-175","page","type-page","status-publish","hentry"],"_links":{"self":[{"href":"https:\/\/www.utopia-rotterdam.nl\/index.php?rest_route=\/wp\/v2\/pages\/175","targetHints":{"allow":["GET"]}}],"collection":[{"href":"https:\/\/www.utopia-rotterdam.nl\/index.php?rest_route=\/wp\/v2\/pages"}],"about":[{"href":"https:\/\/www.utopia-rotterdam.nl\/index.php?rest_route=\/wp\/v2\/types\/page"}],"author":[{"embeddable":true,"href":"https:\/\/www.utopia-rotterdam.nl\/index.php?rest_route=\/wp\/v2\/users\/2"}],"replies":[{"embeddable":true,"href":"https:\/\/www.utopia-rotterdam.nl\/index.php?rest_route=%2Fwp%2Fv2%2Fcomments&post=175"}],"version-history":[{"count":13,"href":"https:\/\/www.utopia-rotterdam.nl\/index.php?rest_route=\/wp\/v2\/pages\/175\/revisions"}],"predecessor-version":[{"id":2219,"href":"https:\/\/www.utopia-rotterdam.nl\/index.php?rest_route=\/wp\/v2\/pages\/175\/revisions\/2219"}],"up":[{"embeddable":true,"href":"https:\/\/www.utopia-rotterdam.nl\/index.php?rest_route=\/wp\/v2\/pages\/48"}],"wp:attachment":[{"href":"https:\/\/www.utopia-rotterdam.nl\/index.php?rest_route=%2Fwp%2Fv2%2Fmedia&parent=175"}],"curies":[{"name":"wp","href":"https:\/\/api.w.org\/{rel}","templated":true}]}}